{"id":178,"date":"2021-02-24T17:53:50","date_gmt":"2021-02-24T17:53:50","guid":{"rendered":"https:\/\/mar-ton.com\/sklep\/?post_type=product&#038;p=178"},"modified":"2021-03-24T11:19:36","modified_gmt":"2021-03-24T11:19:36","slug":"tabletki-czyszczace-signia","status":"publish","type":"product","link":"https:\/\/mar-ton.com\/sklep\/produkt\/tabletki-czyszczace-signia\/","title":{"rendered":"Tabletki czyszcz\u0105ce Signia"},"content":{"rendered":"<p>Aparaty s\u0142uchowe to urz\u0105dzenia, o kt\u00f3re nale\u017cy odpowiednio dba\u0107! Inaczej mog\u0105 przesta\u0107 prawid\u0142owo dzia\u0142a\u0107, a tak\u017ce \u0142atwiej ulec uszkodzeniom!<\/p>\n<ol>\n<li>Zawsze utrzymuj swoje aparaty s\u0142uchowe w czysto\u015bci i osuszaj je, gdy ich nie u\u017cywasz.<\/li>\n<li>Stosuj r\u00f3wnie\u017c odpowiednie \u015brodki czysto\u015bci, kt\u00f3re s\u0105 przeznaczone do dbania o nie. Korzystanie z innych \u015brodk\u00f3w mo\u017ce je uszkodzi\u0107!<\/li>\n<li>Pami\u0119taj, aby zawsze u\u017cywa\u0107 dedykowanych baterii do aparat\u00f3w s\u0142uchowych. Baterie innego przeznaczenia maj\u0105 r\u00f3wnie\u017c inn\u0105 specyfikacj\u0119, co mo\u017ce uszkodzi\u0107 elektronik\u0119 aparatu!<\/li>\n<li>Chro\u0144 sw\u00f3j aparat s\u0142uchowy przed wod\u0105, uderzeniami, wstrz\u0105sami, zgnieceniem, a nawet bezpo\u015brednim oddzia\u0142ywaniem ciep\u0142a!<\/li>\n<li>Uwa\u017caj r\u00f3wnie\u017c na wszystkie kosmetyki, kt\u00f3re stosujesz, zw\u0142aszcza lakiery do w\u0142os\u00f3w, a tak\u017ce produktami do golenia twarzy czy nak\u0142adania makija\u017cu!<\/li>\n<li>Uwa\u017caj r\u00f3wnie\u017c na dzieci oraz zwierz\u0119ta, kt\u00f3re mog\u0105 pogry\u017a\u0107 lub po\u0142kn\u0105\u0107 ma\u0142e elementy, z kt\u00f3rych zbudowany jest Tw\u00f3j aparat!<\/li>\n<\/ol>\n","protected":false},"excerpt":{"rendered":"<p>Skuteczny \u015brodek do codziennej piel\u0119gnacji wk\u0142adek usznych.<\/p>\n","protected":false},"featured_media":179,"template":"","meta":[],"acf":[],"_links":{"self":[{"href":"https:\/\/mar-ton.com\/sklep\/wp-json\/wp\/v2\/product\/178"}],"collection":[{"href":"https:\/\/mar-ton.com\/sklep\/wp-json\/wp\/v2\/product"}],"about":[{"href":"https:\/\/mar-ton.com\/sklep\/wp-json\/wp\/v2\/types\/product"}],"wp:featuredmedia":[{"embeddable":true,"href":"https:\/\/mar-ton.com\/sklep\/wp-json\/wp\/v2\/media\/179"}],"wp:attachment":[{"href":"https:\/\/mar-ton.com\/sklep\/wp-json\/wp\/v2\/media?parent=178"}],"curies":[{"name":"wp","href":"https:\/\/api.w.org\/{rel}","templated":true}]}}